{"id":1225,"date":"2019-07-16T14:34:58","date_gmt":"2019-07-16T14:34:58","guid":{"rendered":"http:\/\/www.wscon.de\/?page_id=1225"},"modified":"2021-07-23T11:01:19","modified_gmt":"2021-07-23T09:01:19","slug":"corporate-social-responsibility","status":"publish","type":"page","link":"http:\/\/www.wscon.de\/en\/corporate-social-responsibility\/","title":{"rendered":"Sustainability"},"content":{"rendered":"<div data-elementor-type=\"wp-post\" data-elementor-id=\"1225\" class=\"elementor elementor-1225\">\n\t\t\t\t\t\t<section class=\"elementor-section elementor-top-section elementor-element elementor-element-f25849c elementor-section-full_width elementor-section-height-default elementor-section-height-default\" data-id=\"f25849c\" data-element_type=\"section\">\n\t\t\t\t\t\t<div class=\"elementor-container elementor-column-gap-extended\">\n\t\t\t\t\t<div class=\"elementor-column elementor-col-100 elementor-top-column elementor-element elementor-element-ca7d7ba\" data-id=\"ca7d7ba\" data-element_type=\"column\">\n\t\t\t<div class=\"elementor-widget-wrap elementor-element-populated\">\n\t\t\t\t\t\t<div class=\"elementor-element elementor-element-f84433f elementor-widget elementor-widget-heading\" data-id=\"f84433f\" data-element_type=\"widget\" data-widget_type=\"heading.default\">\n\t\t\t\t<div class=\"elementor-widget-container\">\n\t\t\t\t\t<h1 class=\"elementor-heading-title elementor-size-default\">Corporate Social Responsibility<\/h1>\t\t\t\t<\/div>\n\t\t\t\t<\/div>\n\t\t\t\t\t<\/div>\n\t\t<\/div>\n\t\t\t\t\t<\/div>\n\t\t<\/section>\n\t\t\t\t<section class=\"elementor-section elementor-top-section elementor-element elementor-element-eb92df1 elementor-section-height-min-height elementor-section-items-top elementor-section-boxed elementor-section-height-default\" data-id=\"eb92df1\" data-element_type=\"section\">\n\t\t\t\t\t\t<div class=\"elementor-container elementor-column-gap-default\">\n\t\t\t\t\t<div class=\"elementor-column elementor-col-100 elementor-top-column elementor-element elementor-element-5b1b7c5\" data-id=\"5b1b7c5\" data-element_type=\"column\">\n\t\t\t<div class=\"elementor-widget-wrap elementor-element-populated\">\n\t\t\t\t\t\t<div class=\"elementor-element elementor-element-6fbe399 elementor-widget elementor-widget-text-editor\" data-id=\"6fbe399\" data-element_type=\"widget\" data-widget_type=\"text-editor.default\">\n\t\t\t\t<div class=\"elementor-widget-container\">\n\t\t\t\t\t\t\t\t\t<p>We feel responsible for the effects of our actions on people and the environment. Thus, we make contributions in the areas of social affairs and climate protection.<\/p>\t\t\t\t\t\t\t\t<\/div>\n\t\t\t\t<\/div>\n\t\t\t\t\t<\/div>\n\t\t<\/div>\n\t\t\t\t\t<\/div>\n\t\t<\/section>\n\t\t\t\t<section class=\"elementor-section elementor-top-section elementor-element elementor-element-0422b70 elementor-section-boxed elementor-section-height-default elementor-section-height-default\" data-id=\"0422b70\" data-element_type=\"section\">\n\t\t\t\t\t\t<div class=\"elementor-container elementor-column-gap-default\">\n\t\t\t\t\t<div class=\"elementor-column elementor-col-50 elementor-top-column elementor-element elementor-element-e075a9e\" data-id=\"e075a9e\" data-element_type=\"column\">\n\t\t\t<div class=\"elementor-widget-wrap elementor-element-populated\">\n\t\t\t\t\t\t<div class=\"elementor-element elementor-element-53d331d elementor-widget elementor-widget-text-editor\" data-id=\"53d331d\" data-element_type=\"widget\" data-widget_type=\"text-editor.default\">\n\t\t\t\t<div class=\"elementor-widget-container\">\n\t\t\t\t\t\t\t\t\t<p>Social Matters<\/p>\t\t\t\t\t\t\t\t<\/div>\n\t\t\t\t<\/div>\n\t\t\t\t<div class=\"elementor-element elementor-element-781e920 elementor-widget elementor-widget-text-editor\" data-id=\"781e920\" data-element_type=\"widget\" data-widget_type=\"text-editor.default\">\n\t\t\t\t<div class=\"elementor-widget-container\">\n\t\t\t\t\t\t\t\t\t<p>We ensure quality by vocational education and training and, since 2018, we have been an apprenticing company approved by the chamber of commerce.<\/p><p class=\"translation-block\">We want our employees to be among the best in the industry. \n<br>Accordingly, it is important to us that they feel comfortable with us for the long term.<\/p>\t\t\t\t\t\t\t\t<\/div>\n\t\t\t\t<\/div>\n\t\t\t\t\t<\/div>\n\t\t<\/div>\n\t\t\t\t<div class=\"elementor-column elementor-col-50 elementor-top-column elementor-element elementor-element-1b75785\" data-id=\"1b75785\" data-element_type=\"column\">\n\t\t\t<div class=\"elementor-widget-wrap elementor-element-populated\">\n\t\t\t\t\t\t<div class=\"elementor-element elementor-element-a8b63c2 elementor-widget elementor-widget-image\" data-id=\"a8b63c2\" data-element_type=\"widget\" data-widget_type=\"image.default\">\n\t\t\t\t<div class=\"elementor-widget-container\">\n\t\t\t\t\t\t\t\t\t\t\t\t\t\t\t<img decoding=\"async\" width=\"272\" height=\"182\" src=\"http:\/\/www.wscon.de\/wp-content\/uploads\/2020\/02\/aufkleber-ihk-schwaben-allg-2020-data-272x182.jpg\" class=\"attachment-sow-carousel-default size-sow-carousel-default wp-image-1514\" alt=\"\" \/>\t\t\t\t\t\t\t\t\t\t\t\t\t\t\t<\/div>\n\t\t\t\t<\/div>\n\t\t\t\t\t<\/div>\n\t\t<\/div>\n\t\t\t\t\t<\/div>\n\t\t<\/section>\n\t\t\t\t<section class=\"elementor-section elementor-top-section elementor-element elementor-element-6fd8878 elementor-section-boxed elementor-section-height-default elementor-section-height-default\" data-id=\"6fd8878\" data-element_type=\"section\">\n\t\t\t\t\t\t<div class=\"elementor-container elementor-column-gap-default\">\n\t\t\t\t\t<div class=\"elementor-column elementor-col-100 elementor-top-column elementor-element elementor-element-5dc192f\" data-id=\"5dc192f\" data-element_type=\"column\">\n\t\t\t<div class=\"elementor-widget-wrap elementor-element-populated\">\n\t\t\t\t\t\t<div class=\"elementor-element elementor-element-cab53fd elementor-widget elementor-widget-text-editor\" data-id=\"cab53fd\" data-element_type=\"widget\" data-widget_type=\"text-editor.default\">\n\t\t\t\t<div class=\"elementor-widget-container\">\n\t\t\t\t\t\t\t\t\t<p>We place a lot of importance to the topic work and family. Offers like individual working hours and healthy catering for our employees are prerequisite for a good work-life-balance.<\/p><p>Because not only the motivation and experience, but also the satisfaction and creativity of our employees is crucial for convincing results and final products<\/p>\t\t\t\t\t\t\t\t<\/div>\n\t\t\t\t<\/div>\n\t\t\t\t\t<\/div>\n\t\t<\/div>\n\t\t\t\t\t<\/div>\n\t\t<\/section>\n\t\t\t\t<section class=\"elementor-section elementor-top-section elementor-element elementor-element-cc68bf2 elementor-section-boxed elementor-section-height-default elementor-section-height-default\" data-id=\"cc68bf2\" data-element_type=\"section\">\n\t\t\t\t\t\t<div class=\"elementor-container elementor-column-gap-default\">\n\t\t\t\t\t<div class=\"elementor-column elementor-col-50 elementor-top-column elementor-element elementor-element-520977e\" data-id=\"520977e\" data-element_type=\"column\">\n\t\t\t<div class=\"elementor-widget-wrap elementor-element-populated\">\n\t\t\t\t\t\t<div class=\"elementor-element elementor-element-911f034 elementor-widget elementor-widget-text-editor\" data-id=\"911f034\" data-element_type=\"widget\" data-widget_type=\"text-editor.default\">\n\t\t\t\t<div class=\"elementor-widget-container\">\n\t\t\t\t\t\t\t\t\t<p>We believe, it is necessary in today's working world to think in different and new ways. People ensure the success of the company and must be protected against work-related chronic stress, mental illness, and burnout.<\/p><p>One way to reduce stress of our employees is to offer them to take their dogs with them. Therefore, we are pleased to integrate the animal colleagues in the workplace.<\/p>\t\t\t\t\t\t\t\t<\/div>\n\t\t\t\t<\/div>\n\t\t\t\t\t<\/div>\n\t\t<\/div>\n\t\t\t\t<div class=\"elementor-column elementor-col-50 elementor-top-column elementor-element elementor-element-2b75de2\" data-id=\"2b75de2\" data-element_type=\"column\">\n\t\t\t<div class=\"elementor-widget-wrap elementor-element-populated\">\n\t\t\t\t\t\t<div class=\"elementor-element elementor-element-baf9603 elementor-widget elementor-widget-image\" data-id=\"baf9603\" data-element_type=\"widget\" data-widget_type=\"image.default\">\n\t\t\t\t<div class=\"elementor-widget-container\">\n\t\t\t\t\t\t\t\t\t\t\t\t\t\t\t<img fetchpriority=\"high\" decoding=\"async\" width=\"680\" height=\"495\" src=\"http:\/\/www.wscon.de\/wp-content\/uploads\/2019\/10\/MA_Equita.jpg\" class=\"attachment-large size-large wp-image-1506\" alt=\"\" srcset=\"http:\/\/www.wscon.de\/wp-content\/uploads\/2019\/10\/MA_Equita.jpg 914w, http:\/\/www.wscon.de\/wp-content\/uploads\/2019\/10\/MA_Equita-420x306.jpg 420w, http:\/\/www.wscon.de\/wp-content\/uploads\/2019\/10\/MA_Equita-744x542.jpg 744w, http:\/\/www.wscon.de\/wp-content\/uploads\/2019\/10\/MA_Equita-768x560.jpg 768w\" sizes=\"(max-width: 680px) 100vw, 680px\" \/>\t\t\t\t\t\t\t\t\t\t\t\t\t\t\t<\/div>\n\t\t\t\t<\/div>\n\t\t\t\t\t<\/div>\n\t\t<\/div>\n\t\t\t\t\t<\/div>\n\t\t<\/section>\n\t\t\t\t<section class=\"elementor-section elementor-top-section elementor-element elementor-element-1a930a7 elementor-section-boxed elementor-section-height-default elementor-section-height-default\" data-id=\"1a930a7\" data-element_type=\"section\">\n\t\t\t\t\t\t<div class=\"elementor-container elementor-column-gap-default\">\n\t\t\t\t\t<div class=\"elementor-column elementor-col-100 elementor-top-column elementor-element elementor-element-0cfc421\" data-id=\"0cfc421\" data-element_type=\"column\">\n\t\t\t<div class=\"elementor-widget-wrap elementor-element-populated\">\n\t\t\t\t\t\t<div class=\"elementor-element elementor-element-2e3c627 elementor-widget elementor-widget-spacer\" data-id=\"2e3c627\" data-element_type=\"widget\" data-widget_type=\"spacer.default\">\n\t\t\t\t<div class=\"elementor-widget-container\">\n\t\t\t\t\t\t\t<div class=\"elementor-spacer\">\n\t\t\t<div class=\"elementor-spacer-inner\"><\/div>\n\t\t<\/div>\n\t\t\t\t\t\t<\/div>\n\t\t\t\t<\/div>\n\t\t\t\t<div class=\"elementor-element elementor-element-a855e45 elementor-widget elementor-widget-text-editor\" data-id=\"a855e45\" data-element_type=\"widget\" data-widget_type=\"text-editor.default\">\n\t\t\t\t<div class=\"elementor-widget-container\">\n\t\t\t\t\t\t\t\t\t<p>Climate protection<\/p>\t\t\t\t\t\t\t\t<\/div>\n\t\t\t\t<\/div>\n\t\t\t\t<div class=\"elementor-element elementor-element-4a1529c elementor-widget elementor-widget-text-editor\" data-id=\"4a1529c\" data-element_type=\"widget\" data-widget_type=\"text-editor.default\">\n\t\t\t\t<div class=\"elementor-widget-container\">\n\t\t\t\t\t\t\t\t\t<p>For us, sustainability means using resources carefully and using alternative recycling concepts. Like using energy-efficient lighting and strictly following the principle:<\/p><p style=\"text-align: center;\">\"save paper - think before you print.\"<\/p>\t\t\t\t\t\t\t\t<\/div>\n\t\t\t\t<\/div>\n\t\t\t\t<div class=\"elementor-element elementor-element-6ab32c8 elementor-widget elementor-widget-text-editor\" data-id=\"6ab32c8\" data-element_type=\"widget\" data-widget_type=\"text-editor.default\">\n\t\t\t\t<div class=\"elementor-widget-container\">\n\t\t\t\t\t\t\t\t\t<p>Our domicile offers optimal accessibility for a climate-friendly journey thanks to good connections to public transport. By switching to video conferences, we avoid business and business trips by car or plane as far as possible.<\/p>\t\t\t\t\t\t\t\t<\/div>\n\t\t\t\t<\/div>\n\t\t\t\t\t<\/div>\n\t\t<\/div>\n\t\t\t\t\t<\/div>\n\t\t<\/section>\n\t\t\t\t<\/div>","protected":false},"excerpt":{"rendered":"<p>Corporate Social Responsibility Wir f\u00fchlen uns f\u00fcr die Auswirkungen unseres Handelns auf Mensch und Umwelt verantwortlich, daher leisten wir Beitr\u00e4ge in den Bereichen Soziales und Klimaschutz. Soziales Wir sichern Qualit\u00e4t durch berufliche Aus- und Weiterbildung und sind seit 2018 anerkannter Ausbildungsbetrieb. Wir m\u00f6chten, dass unsere Mitarbeiter zu den Besten der Branche geh\u00f6ren.Dementsprechend ist es uns&#8230; <\/p>\n<div class=\"read-more navbutton\"><a href=\"http:\/\/www.wscon.de\/en\/corporate-social-responsibility\/\">Read More<i class=\"fa fa-angle-double-right\"><\/i><\/a><\/div>","protected":false},"author":1,"featured_media":0,"parent":0,"menu_order":8,"comment_status":"closed","ping_status":"closed","template":"elementor_header_footer","meta":{"_acf_changed":false,"footnotes":""},"class_list":["post-1225","page","type-page","status-publish","hentry"],"acf":[],"_links":{"self":[{"href":"http:\/\/www.wscon.de\/en\/wp-json\/wp\/v2\/pages\/1225","targetHints":{"allow":["GET"]}}],"collection":[{"href":"http:\/\/www.wscon.de\/en\/wp-json\/wp\/v2\/pages"}],"about":[{"href":"http:\/\/www.wscon.de\/en\/wp-json\/wp\/v2\/types\/page"}],"author":[{"embeddable":true,"href":"http:\/\/www.wscon.de\/en\/wp-json\/wp\/v2\/users\/1"}],"replies":[{"embeddable":true,"href":"http:\/\/www.wscon.de\/en\/wp-json\/wp\/v2\/comments?post=1225"}],"version-history":[{"count":55,"href":"http:\/\/www.wscon.de\/en\/wp-json\/wp\/v2\/pages\/1225\/revisions"}],"predecessor-version":[{"id":2077,"href":"http:\/\/www.wscon.de\/en\/wp-json\/wp\/v2\/pages\/1225\/revisions\/2077"}],"wp:attachment":[{"href":"http:\/\/www.wscon.de\/en\/wp-json\/wp\/v2\/media?parent=1225"}],"curies":[{"name":"wp","href":"https:\/\/api.w.org\/{rel}","templated":true}]}}