{"id":303,"date":"2018-05-22T15:23:52","date_gmt":"2018-05-22T15:23:52","guid":{"rendered":"http:\/\/wscon.de\/?page_id=303"},"modified":"2021-07-22T15:05:26","modified_gmt":"2021-07-22T13:05:26","slug":"datenschutzerklaerung","status":"publish","type":"page","link":"http:\/\/www.wscon.de\/en\/datenschutzerklaerung\/","title":{"rendered":"Privacy Statement"},"content":{"rendered":"<div data-elementor-type=\"wp-post\" data-elementor-id=\"303\" class=\"elementor elementor-303\">\n\t\t\t\t\t\t<section class=\"elementor-section elementor-top-section elementor-element elementor-element-cdab401 elementor-section-boxed elementor-section-height-default elementor-section-height-default\" data-id=\"cdab401\" data-element_type=\"section\">\n\t\t\t\t\t\t<div class=\"elementor-container elementor-column-gap-default\">\n\t\t\t\t\t<div class=\"elementor-column elementor-col-100 elementor-top-column elementor-element elementor-element-d41428e\" data-id=\"d41428e\" data-element_type=\"column\">\n\t\t\t<div class=\"elementor-widget-wrap elementor-element-populated\">\n\t\t\t\t\t\t<div class=\"elementor-element elementor-element-7a67d7e elementor-widget elementor-widget-heading\" data-id=\"7a67d7e\" data-element_type=\"widget\" data-widget_type=\"heading.default\">\n\t\t\t\t<div class=\"elementor-widget-container\">\n\t\t\t\t\t<h1 class=\"elementor-heading-title elementor-size-default\"><b>Privacy Statement<\/b><\/h1>\t\t\t\t<\/div>\n\t\t\t\t<\/div>\n\t\t\t\t<div class=\"elementor-element elementor-element-a06f73e elementor-widget elementor-widget-spacer\" data-id=\"a06f73e\" data-element_type=\"widget\" data-widget_type=\"spacer.default\">\n\t\t\t\t<div class=\"elementor-widget-container\">\n\t\t\t\t\t\t\t<div class=\"elementor-spacer\">\n\t\t\t<div class=\"elementor-spacer-inner\"><\/div>\n\t\t<\/div>\n\t\t\t\t\t\t<\/div>\n\t\t\t\t<\/div>\n\t\t\t\t<div class=\"elementor-element elementor-element-2f47ec8 elementor-widget elementor-widget-text-editor\" data-id=\"2f47ec8\" data-element_type=\"widget\" data-widget_type=\"text-editor.default\">\n\t\t\t\t<div class=\"elementor-widget-container\">\n\t\t\t\t\t\t\t\t\t<p>WSCON GmbH &amp; Co. KG is pleased about your visit on our Web pages. The protection of your personal data is an important concern for us and we kindly ask you to consider the following informations. <\/p><p><strong>Responsible party according to DSGVO:<\/strong><\/p><p style=\"padding-left: 40px;\">Stefan Wetzstein<\/p><p style=\"padding-left: 40px;\">Alte Reichsstra\u00dfe 2<br \/>D-86356 Neus\u00e4\u00df<\/p><p style=\"padding-left: 40px;\">E-Mail: info@wscon.de<\/p>\t\t\t\t\t\t\t\t<\/div>\n\t\t\t\t<\/div>\n\t\t\t\t<div class=\"elementor-element elementor-element-4597ae5 elementor-widget elementor-widget-text-editor\" data-id=\"4597ae5\" data-element_type=\"widget\" data-widget_type=\"text-editor.default\">\n\t\t\t\t<div class=\"elementor-widget-container\">\n\t\t\t\t\t\t\t\t\t<p><strong>1.\tScope of application<\/strong><\/p><p>This privacy policy statement has the objective to inform the users of our website according to Federal Data Protection Act (BDSG) and German Telemedia Act (TMG) on kind, scope and reason for data collection and usage of personal data by website provider WSCON GmbH &amp; Co. KG. The website owner takes the security of your personal information seriously and treats user data confidentially and corresponding to legal regulations. \nPlease be aware that there may be security risks when data are transmitted in the internet. Full protection from unauthorized third-party access can\u2019 t be realized.<\/p>\t\t\t\t\t\t\t\t<\/div>\n\t\t\t\t<\/div>\n\t\t\t\t<div class=\"elementor-element elementor-element-cfc97ff elementor-widget elementor-widget-text-editor\" data-id=\"cfc97ff\" data-element_type=\"widget\" data-widget_type=\"text-editor.default\">\n\t\t\t\t<div class=\"elementor-widget-container\">\n\t\t\t\t\t\t\t\t\t<p><strong>2. Access Data<\/strong><\/p><p>The owner of the website e.g. the provider of the site collects data about access to the site and stores the used IP-address as \u201cServer-Logfiles.\u201d The collected data are only used for statistical purposes and in order to improve the website. The website owner reserves the right to check the Server-Logfiles afterwards, when there is a concrete suspicion of illegal use.<\/p>\t\t\t\t\t\t\t\t<\/div>\n\t\t\t\t<\/div>\n\t\t\t\t<div class=\"elementor-element elementor-element-47e7d88 elementor-widget elementor-widget-text-editor\" data-id=\"47e7d88\" data-element_type=\"widget\" data-widget_type=\"text-editor.default\">\n\t\t\t\t<div class=\"elementor-widget-container\">\n\t\t\t\t\t\t\t\t\t<p><strong>3. Cookies<\/strong><\/p><p>On our website so-called cookies are used. These are data packs, which are exchanged between the server of the webpage and the bowser of the visitor. These are stored by the equipment (PC, notebook computer, Tablet, Smartphone etc.) used at the visit of the web page. In this respect, cookies cannot cause any damages on the used equipment. Particularly they do not contain any viruses or other harming software. Especially information that arise in combination with the specific device used are put down in the cookies. Under no circumstances the company can identify the visitor of the web page. Use of cookies serves to design the use of the web supply more comfortable. So for example with session cookies, it can be comprehended, whether the visitor has already visited single sides of the web page. After leaving the web page these session cookies are deleted automatically.<\/p>\t\t\t\t\t\t\t\t<\/div>\n\t\t\t\t<\/div>\n\t\t\t\t<div class=\"elementor-element elementor-element-ae45a66 elementor-widget elementor-widget-text-editor\" data-id=\"ae45a66\" data-element_type=\"widget\" data-widget_type=\"text-editor.default\">\n\t\t\t\t<div class=\"elementor-widget-container\">\n\t\t\t\t\t\t\t\t\t<p><strong>4. Processing of personal data<\/strong><\/p><p>The website operator imposes, uses or passes on your personal data only, if this is permitted in the legal frame or you consent to the data collection. All information which serves to determine your person and which can be traced back to you is regarded as personal data - for example your name, your electronic mail address and phone number.<\/p>\t\t\t\t\t\t\t\t<\/div>\n\t\t\t\t<\/div>\n\t\t\t\t<div class=\"elementor-element elementor-element-fa0d80f elementor-widget elementor-widget-text-editor\" data-id=\"fa0d80f\" data-element_type=\"widget\" data-widget_type=\"text-editor.default\">\n\t\t\t\t<div class=\"elementor-widget-container\">\n\t\t\t\t\t\t\t\t\t<p><strong>5. Data minimization<\/strong><\/p><p>Personal data we store according to the principle of data avoidance and data minimization and only for the necessary time or stipulated by the legislator (legal storage period). In case the purpose of storage ceases or the legal storage period ends, the data are deleted or locked.<\/p>\t\t\t\t\t\t\t\t<\/div>\n\t\t\t\t<\/div>\n\t\t\t\t<div class=\"elementor-element elementor-element-89a96ed elementor-widget elementor-widget-text-editor\" data-id=\"89a96ed\" data-element_type=\"widget\" data-widget_type=\"text-editor.default\">\n\t\t\t\t<div class=\"elementor-widget-container\">\n\t\t\t\t\t\t\t\t\t<p><strong>6. Your rights on information, correction, lock, deletion and contradiction<\/strong><\/p><p>You have the right to request information on your personal data saved with us and\/or to require a correction, inhibition or require deletion free of charge. Exceptions: It is specified data storage to business processing, or the data are subject to the legal storage duty.\nIn order to be able to take into account a data lock any time, it is required to hold the data up for control purposes in a jamming file. If there is no legal compulsory archiving, you also can require the deletion of the data. Otherwise, if required, we lock the data provided.<\/p>\t\t\t\t\t\t\t\t<\/div>\n\t\t\t\t<\/div>\n\t\t\t\t<div class=\"elementor-element elementor-element-3cbf661 elementor-widget elementor-widget-text-editor\" data-id=\"3cbf661\" data-element_type=\"widget\" data-widget_type=\"text-editor.default\">\n\t\t\t\t<div class=\"elementor-widget-container\">\n\t\t\t\t\t\t\t\t\t<p><strong>7. Change of our Privacy Statement<\/strong><\/p><p>To ensure that our privacy statement always correspond to the current legal specifications, we reserve right for changes at any time. This also applies in case that the privacy statement must be adapted due to new or revised performances, for example new services. The new data protection explanation then is effective at your next visit on our offer.<\/p>\t\t\t\t\t\t\t\t<\/div>\n\t\t\t\t<\/div>\n\t\t\t\t<div class=\"elementor-element elementor-element-ef20381 elementor-widget elementor-widget-text-editor\" data-id=\"ef20381\" data-element_type=\"widget\" data-widget_type=\"text-editor.default\">\n\t\t\t\t<div class=\"elementor-widget-container\">\n\t\t\t\t\t\t\t\t\t<p><strong>8. External Links<\/strong><\/p><p>It is possible that our pages also lead to contents of external operators or other enterprises. We do not have influence on the contents and the design of external web pages. Therefore, we cannot take on any liability for these external contents. The respective supplier or operator of these external sides is always responsible for the contents of the interlinked sides. The interlinked pages were checked for possible violations of law at the time of setting the link. Illegal contents were not recognizable at the time of the link.<\/p>\t\t\t\t\t\t\t\t<\/div>\n\t\t\t\t<\/div>\n\t\t\t\t<div class=\"elementor-element elementor-element-747e622 elementor-widget elementor-widget-text-editor\" data-id=\"747e622\" data-element_type=\"widget\" data-widget_type=\"text-editor.default\">\n\t\t\t\t<div class=\"elementor-widget-container\">\n\t\t\t\t\t\t\t\t\t<p><strong>9. Use of YouTube services<\/strong><\/p><p>Our website uses plug-ins of the page YouTube, operated Google. Operator of these pages is YouTube, LLC, 901 Cherry Ave., San Bruno, CA 94066, USA. If you visit one of our pages equipped with a YouTube-Plugin, a connection to the servers is made by YouTube. The Youtube server will be informed on which of our sides you have visited.<\/p><p>If you are logged in in your YouTube account, YouTube is enabled to assign your personal sufing behaviour directly to your personal provile. You can prevent this by logging off from your YouTube account.<br \/>Further information on dealing with user data you will find in the pricacy policy of YouTube:<br \/><br \/>https:\/\/www.google.de\/intl\/de\/policies\/privacy<\/p>\t\t\t\t\t\t\t\t<\/div>\n\t\t\t\t<\/div>\n\t\t\t\t\t<\/div>\n\t\t<\/div>\n\t\t\t\t\t<\/div>\n\t\t<\/section>\n\t\t\t\t<\/div>","protected":false},"excerpt":{"rendered":"<p>Datenschutzerkl\u00e4rung Die WSCON GmbH &amp; Co. KG freut sich \u00fcber Ihren Besuch. Wir nehmen den Schutz Ihrer personenbezogenen Daten ernst und bitten Sie, die folgenden Informationen zu beachten. Verantwortlicher im Sinne DSGVO: Stefan Wetzstein Alte Reichsstra\u00dfe 2D-86356 Neus\u00e4\u00df E-Mail: info@wscon.de 1. Geltungsbereich Diese Datenschutzerkl\u00e4rung soll die Nutzer dieser Website gem\u00e4\u00df Bundesdatenschutzgesetz (BDSG) und Telemediengesetz (TMG)&#8230; <\/p>\n<div class=\"read-more navbutton\"><a href=\"http:\/\/www.wscon.de\/en\/datenschutzerklaerung\/\">Read More<i class=\"fa fa-angle-double-right\"><\/i><\/a><\/div>","protected":false},"author":1,"featured_media":0,"parent":0,"menu_order":22,"comment_status":"closed","ping_status":"closed","template":"","meta":{"_acf_changed":false,"footnotes":""},"class_list":["post-303","page","type-page","status-publish","hentry"],"acf":[],"_links":{"self":[{"href":"http:\/\/www.wscon.de\/en\/wp-json\/wp\/v2\/pages\/303","targetHints":{"allow":["GET"]}}],"collection":[{"href":"http:\/\/www.wscon.de\/en\/wp-json\/wp\/v2\/pages"}],"about":[{"href":"http:\/\/www.wscon.de\/en\/wp-json\/wp\/v2\/types\/page"}],"author":[{"embeddable":true,"href":"http:\/\/www.wscon.de\/en\/wp-json\/wp\/v2\/users\/1"}],"replies":[{"embeddable":true,"href":"http:\/\/www.wscon.de\/en\/wp-json\/wp\/v2\/comments?post=303"}],"version-history":[{"count":113,"href":"http:\/\/www.wscon.de\/en\/wp-json\/wp\/v2\/pages\/303\/revisions"}],"predecessor-version":[{"id":1993,"href":"http:\/\/www.wscon.de\/en\/wp-json\/wp\/v2\/pages\/303\/revisions\/1993"}],"wp:attachment":[{"href":"http:\/\/www.wscon.de\/en\/wp-json\/wp\/v2\/media?parent=303"}],"curies":[{"name":"wp","href":"https:\/\/api.w.org\/{rel}","templated":true}]}}