{"id":581,"date":"2019-02-03T23:17:58","date_gmt":"2019-02-03T23:17:58","guid":{"rendered":"http:\/\/wscon.de\/?page_id=581"},"modified":"2021-07-23T11:08:41","modified_gmt":"2021-07-23T09:08:41","slug":"sicnv","status":"publish","type":"page","link":"http:\/\/www.wscon.de\/en\/projekte\/sicnv\/","title":{"rendered":"SiCNV"},"content":{"rendered":"<div data-elementor-type=\"wp-post\" data-elementor-id=\"581\" class=\"elementor elementor-581\">\n\t\t\t\t\t\t<section class=\"elementor-section elementor-top-section elementor-element elementor-element-6f9e6c8 elementor-section-boxed elementor-section-height-default elementor-section-height-default\" data-id=\"6f9e6c8\" data-element_type=\"section\">\n\t\t\t\t\t\t<div class=\"elementor-container elementor-column-gap-extended\">\n\t\t\t\t\t<div class=\"elementor-column elementor-col-50 elementor-top-column elementor-element elementor-element-b52ee47\" data-id=\"b52ee47\" data-element_type=\"column\">\n\t\t\t<div class=\"elementor-widget-wrap elementor-element-populated\">\n\t\t\t\t\t\t<div class=\"elementor-element elementor-element-f63f824 elementor-widget elementor-widget-heading\" data-id=\"f63f824\" data-element_type=\"widget\" data-widget_type=\"heading.default\">\n\t\t\t\t<div class=\"elementor-widget-container\">\n\t\t\t\t\t<h2 class=\"elementor-heading-title elementor-size-default\">SiCNV<\/h2>\t\t\t\t<\/div>\n\t\t\t\t<\/div>\n\t\t\t\t<div class=\"elementor-element elementor-element-7fbdf10 elementor-widget elementor-widget-text-editor\" data-id=\"7fbdf10\" data-element_type=\"widget\" data-widget_type=\"text-editor.default\">\n\t\t\t\t<div class=\"elementor-widget-container\">\n\t\t\t\t\t\t\t\t\t<p>Sub-project Lead<\/p>\t\t\t\t\t\t\t\t<\/div>\n\t\t\t\t<\/div>\n\t\t\t\t\t<\/div>\n\t\t<\/div>\n\t\t\t\t<div class=\"elementor-column elementor-col-50 elementor-top-column elementor-element elementor-element-1b48a2b\" data-id=\"1b48a2b\" data-element_type=\"column\">\n\t\t\t<div class=\"elementor-widget-wrap elementor-element-populated\">\n\t\t\t\t\t\t<div class=\"elementor-element elementor-element-0056223 elementor-widget elementor-widget-image\" data-id=\"0056223\" data-element_type=\"widget\" data-widget_type=\"image.default\">\n\t\t\t\t<div class=\"elementor-widget-container\">\n\t\t\t\t\t\t\t\t\t\t\t\t\t\t\t<img fetchpriority=\"high\" decoding=\"async\" width=\"680\" height=\"343\" src=\"http:\/\/www.wscon.de\/wp-content\/uploads\/2019\/05\/Logo-SiCNV.png\" class=\"attachment-large size-large wp-image-1208\" alt=\"\" srcset=\"http:\/\/www.wscon.de\/wp-content\/uploads\/2019\/05\/Logo-SiCNV.png 992w, http:\/\/www.wscon.de\/wp-content\/uploads\/2019\/05\/Logo-SiCNV-420x212.png 420w, http:\/\/www.wscon.de\/wp-content\/uploads\/2019\/05\/Logo-SiCNV-744x375.png 744w, http:\/\/www.wscon.de\/wp-content\/uploads\/2019\/05\/Logo-SiCNV-768x387.png 768w\" sizes=\"(max-width: 680px) 100vw, 680px\" \/>\t\t\t\t\t\t\t\t\t\t\t\t\t\t\t<\/div>\n\t\t\t\t<\/div>\n\t\t\t\t\t<\/div>\n\t\t<\/div>\n\t\t\t\t\t<\/div>\n\t\t<\/section>\n\t\t\t\t<section class=\"elementor-section elementor-top-section elementor-element elementor-element-c0efb9b elementor-section-boxed elementor-section-height-default elementor-section-height-default\" data-id=\"c0efb9b\" data-element_type=\"section\">\n\t\t\t\t\t\t<div class=\"elementor-container elementor-column-gap-extended\">\n\t\t\t\t\t<div class=\"elementor-column elementor-col-50 elementor-top-column elementor-element elementor-element-0049d74\" data-id=\"0049d74\" data-element_type=\"column\">\n\t\t\t<div class=\"elementor-widget-wrap elementor-element-populated\">\n\t\t\t\t\t\t<div class=\"elementor-element elementor-element-23acf45 elementor-widget elementor-widget-text-editor\" data-id=\"23acf45\" data-element_type=\"widget\" data-widget_type=\"text-editor.default\">\n\t\t\t\t<div class=\"elementor-widget-container\">\n\t\t\t\t\t\t\t\t\t<p>Project Objectives:<\/p>\t\t\t\t\t\t\t\t<\/div>\n\t\t\t\t<\/div>\n\t\t\t\t<div class=\"elementor-element elementor-element-f7d1288 elementor-widget elementor-widget-text-editor\" data-id=\"f7d1288\" data-element_type=\"widget\" data-widget_type=\"text-editor.default\">\n\t\t\t\t<div class=\"elementor-widget-container\">\n\t\t\t\t\t\t\t\t\t<p>Project Objective:\nEnergy management of auxiliary equipment in electrically driven vehicles by high-voltage connection with integrated silicon-carbide (SiC)-conduction electronics.<\/p>\t\t\t\t\t\t\t\t<\/div>\n\t\t\t\t<\/div>\n\t\t\t\t\t<\/div>\n\t\t<\/div>\n\t\t\t\t<div class=\"elementor-column elementor-col-50 elementor-top-column elementor-element elementor-element-0991f9d\" data-id=\"0991f9d\" data-element_type=\"column\">\n\t\t\t<div class=\"elementor-widget-wrap\">\n\t\t\t\t\t\t\t<\/div>\n\t\t<\/div>\n\t\t\t\t\t<\/div>\n\t\t<\/section>\n\t\t\t\t<section class=\"elementor-section elementor-top-section elementor-element elementor-element-3bd53bc elementor-section-boxed elementor-section-height-default elementor-section-height-default\" data-id=\"3bd53bc\" data-element_type=\"section\">\n\t\t\t\t\t\t<div class=\"elementor-container elementor-column-gap-extended\">\n\t\t\t\t\t<div class=\"elementor-column elementor-col-50 elementor-top-column elementor-element elementor-element-2f775f7\" data-id=\"2f775f7\" data-element_type=\"column\">\n\t\t\t<div class=\"elementor-widget-wrap elementor-element-populated\">\n\t\t\t\t\t\t<div class=\"elementor-element elementor-element-c1bfd12 elementor-widget elementor-widget-text-editor\" data-id=\"c1bfd12\" data-element_type=\"widget\" data-widget_type=\"text-editor.default\">\n\t\t\t\t<div class=\"elementor-widget-container\">\n\t\t\t\t\t\t\t\t\t<p>Motivation:<\/p>\t\t\t\t\t\t\t\t<\/div>\n\t\t\t\t<\/div>\n\t\t\t\t<div class=\"elementor-element elementor-element-281696b elementor-widget elementor-widget-text-editor\" data-id=\"281696b\" data-element_type=\"widget\" data-widget_type=\"text-editor.default\">\n\t\t\t\t<div class=\"elementor-widget-container\">\n\t\t\t\t\t\t\t\t\t<p>By participation of component suppliers, system manufacturers, research institutes as well as vehicle manufacturers as associated partners the entire value-creation chain is to develop innovation in sections and in the complete vehicle. Furthermore, complex questions and solutions, that only can be reasonably answered for the total vehicle, can be treated.<\/p><p>Innovation in electronics will increase not only the efficiency of driving systems of electric vehicles but also its range. Intelligent electronic components for activation and controlling will guarantee the reliability of future drive technology also in the event of an error. The scalable concept can be transferred to engines of different power and to other fields of application.<\/p><p>Herewith at the end the project results will contribute to reduction of CO\u00b2-emission as well as to increase the efficiency of use of resources by means of long-lasting components and systems in the field of heavy-duty vehicles.<\/p>\t\t\t\t\t\t\t\t<\/div>\n\t\t\t\t<\/div>\n\t\t\t\t\t<\/div>\n\t\t<\/div>\n\t\t\t\t<div class=\"elementor-column elementor-col-50 elementor-top-column elementor-element elementor-element-8d293c9\" data-id=\"8d293c9\" data-element_type=\"column\">\n\t\t\t<div class=\"elementor-widget-wrap elementor-element-populated\">\n\t\t\t\t\t\t<div class=\"elementor-element elementor-element-d469174 elementor-widget elementor-widget-text-editor\" data-id=\"d469174\" data-element_type=\"widget\" data-widget_type=\"text-editor.default\">\n\t\t\t\t<div class=\"elementor-widget-container\">\n\t\t\t\t\t\t\t\t\t<p>Project period:<\/p>\t\t\t\t\t\t\t\t<\/div>\n\t\t\t\t<\/div>\n\t\t\t\t<div class=\"elementor-element elementor-element-ff375c1 elementor-widget elementor-widget-text-editor\" data-id=\"ff375c1\" data-element_type=\"widget\" data-widget_type=\"text-editor.default\">\n\t\t\t\t<div class=\"elementor-widget-container\">\n\t\t\t\t\t\t\t\t\t<p>September 2018 \u2013 September 2021<\/p>\t\t\t\t\t\t\t\t<\/div>\n\t\t\t\t<\/div>\n\t\t\t\t<div class=\"elementor-element elementor-element-6af89f7 elementor-widget elementor-widget-spacer\" data-id=\"6af89f7\" data-element_type=\"widget\" data-widget_type=\"spacer.default\">\n\t\t\t\t<div class=\"elementor-widget-container\">\n\t\t\t\t\t\t\t<div class=\"elementor-spacer\">\n\t\t\t<div class=\"elementor-spacer-inner\"><\/div>\n\t\t<\/div>\n\t\t\t\t\t\t<\/div>\n\t\t\t\t<\/div>\n\t\t\t\t<div class=\"elementor-element elementor-element-361bfad elementor-widget elementor-widget-text-editor\" data-id=\"361bfad\" data-element_type=\"widget\" data-widget_type=\"text-editor.default\">\n\t\t\t\t<div class=\"elementor-widget-container\">\n\t\t\t\t\t\t\t\t\t<p>Funded by:<\/p>\t\t\t\t\t\t\t\t<\/div>\n\t\t\t\t<\/div>\n\t\t\t\t<div class=\"elementor-element elementor-element-48daa14 elementor-widget elementor-widget-image\" data-id=\"48daa14\" data-element_type=\"widget\" data-widget_type=\"image.default\">\n\t\t\t\t<div class=\"elementor-widget-container\">\n\t\t\t\t\t\t\t\t\t\t\t\t\t\t\t<img decoding=\"async\" width=\"400\" height=\"246\" src=\"http:\/\/www.wscon.de\/wp-content\/uploads\/2019\/02\/BMBF.jpg\" class=\"attachment-large size-large wp-image-801\" alt=\"\" \/>\t\t\t\t\t\t\t\t\t\t\t\t\t\t\t<\/div>\n\t\t\t\t<\/div>\n\t\t\t\t\t<\/div>\n\t\t<\/div>\n\t\t\t\t\t<\/div>\n\t\t<\/section>\n\t\t\t\t<section class=\"elementor-section elementor-top-section elementor-element elementor-element-a918dd6 elementor-section-boxed elementor-section-height-default elementor-section-height-default\" data-id=\"a918dd6\" data-element_type=\"section\">\n\t\t\t\t\t\t<div class=\"elementor-container elementor-column-gap-extended\">\n\t\t\t\t\t<div class=\"elementor-column elementor-col-100 elementor-top-column elementor-element elementor-element-47295f5\" data-id=\"47295f5\" data-element_type=\"column\">\n\t\t\t<div class=\"elementor-widget-wrap elementor-element-populated\">\n\t\t\t\t\t\t<div class=\"elementor-element elementor-element-5887fe2 elementor-widget elementor-widget-text-editor\" data-id=\"5887fe2\" data-element_type=\"widget\" data-widget_type=\"text-editor.default\">\n\t\t\t\t<div class=\"elementor-widget-container\">\n\t\t\t\t\t\t\t\t\t<p>Project Partners:<\/p>\t\t\t\t\t\t\t\t<\/div>\n\t\t\t\t<\/div>\n\t\t\t\t<div class=\"elementor-element elementor-element-9fd9686 elementor-widget elementor-widget-text-editor\" data-id=\"9fd9686\" data-element_type=\"widget\" data-widget_type=\"text-editor.default\">\n\t\t\t\t<div class=\"elementor-widget-container\">\n\t\t\t\t\t\t\t\t\t<p>Renowned companies of various fields of technology.<\/p><p>With financially strong industrial partners the consortium is in an excellent position in a growing but comparatively low-innovative market field, to gain a leading market position in the sectors addressed and promote distribution of electrically driven commercial vehicles.<\/p>\t\t\t\t\t\t\t\t<\/div>\n\t\t\t\t<\/div>\n\t\t\t\t\t<\/div>\n\t\t<\/div>\n\t\t\t\t\t<\/div>\n\t\t<\/section>\n\t\t\t\t<\/div>","protected":false},"excerpt":{"rendered":"<p>SiCNV Teilprojektleitung Projektziel: Energiemanagement von Nebenverbrauchern in Elektrofahrzeugen durch Hochvoltanbindungen mit integrierter Siliziumcarbid (SiC)-Leistungselektronik. Motivation: Durch die Beteiligung von Komponenten-, Systemherstellern einer Forschungseinrichtung sowie Fahrzeughersteller als assoziiertem Partner ist die ganze Wertsch\u00f6pfungskette abgebildet, um Innovationen in Teilbereichen und Gesamtfahrzeug zu entwickeln und passende Bearbeitung und L\u00f6sung der komplexen Fragestellungen, die nur f\u00fcr das Gesamtfahrzeug sinnvoll&#8230; <\/p>\n<div class=\"read-more navbutton\"><a href=\"http:\/\/www.wscon.de\/en\/projekte\/sicnv\/\">Read More<i class=\"fa fa-angle-double-right\"><\/i><\/a><\/div>","protected":false},"author":1,"featured_media":0,"parent":497,"menu_order":7,"comment_status":"closed","ping_status":"closed","template":"","meta":{"_acf_changed":false,"footnotes":""},"class_list":["post-581","page","type-page","status-publish","hentry"],"acf":[],"_links":{"self":[{"href":"http:\/\/www.wscon.de\/en\/wp-json\/wp\/v2\/pages\/581","targetHints":{"allow":["GET"]}}],"collection":[{"href":"http:\/\/www.wscon.de\/en\/wp-json\/wp\/v2\/pages"}],"about":[{"href":"http:\/\/www.wscon.de\/en\/wp-json\/wp\/v2\/types\/page"}],"author":[{"embeddable":true,"href":"http:\/\/www.wscon.de\/en\/wp-json\/wp\/v2\/users\/1"}],"replies":[{"embeddable":true,"href":"http:\/\/www.wscon.de\/en\/wp-json\/wp\/v2\/comments?post=581"}],"version-history":[{"count":37,"href":"http:\/\/www.wscon.de\/en\/wp-json\/wp\/v2\/pages\/581\/revisions"}],"predecessor-version":[{"id":2095,"href":"http:\/\/www.wscon.de\/en\/wp-json\/wp\/v2\/pages\/581\/revisions\/2095"}],"up":[{"embeddable":true,"href":"http:\/\/www.wscon.de\/en\/wp-json\/wp\/v2\/pages\/497"}],"wp:attachment":[{"href":"http:\/\/www.wscon.de\/en\/wp-json\/wp\/v2\/media?parent=581"}],"curies":[{"name":"wp","href":"https:\/\/api.w.org\/{rel}","templated":true}]}}