{"id":8,"date":"2016-07-06T15:48:13","date_gmt":"2016-07-06T15:48:13","guid":{"rendered":"http:\/\/wscon.de\/?page_id=8"},"modified":"2019-09-09T08:33:55","modified_gmt":"2019-09-09T08:33:55","slug":"ueber-mich","status":"publish","type":"page","link":"http:\/\/www.wscon.de\/en\/ueber-mich\/","title":{"rendered":"\u00dcber mich"},"content":{"rendered":"<div data-elementor-type=\"wp-post\" data-elementor-id=\"8\" class=\"elementor elementor-8 elementor-bc-flex-widget\">\n\t\t\t\t\t\t<section class=\"elementor-section elementor-top-section elementor-element elementor-element-7898ad15 elementor-section-boxed elementor-section-height-default elementor-section-height-default\" data-id=\"7898ad15\" data-element_type=\"section\">\n\t\t\t\t\t\t<div class=\"elementor-container elementor-column-gap-default\">\n\t\t\t\t\t<div class=\"elementor-column elementor-col-100 elementor-top-column elementor-element elementor-element-7561f0e\" data-id=\"7561f0e\" data-element_type=\"column\">\n\t\t\t<div class=\"elementor-widget-wrap\">\n\t\t\t\t\t\t\t<\/div>\n\t\t<\/div>\n\t\t\t\t\t<\/div>\n\t\t<\/section>\n\t\t\t\t<section class=\"elementor-section elementor-top-section elementor-element elementor-element-34100c4 elementor-section-boxed elementor-section-height-default elementor-section-height-default\" data-id=\"34100c4\" data-element_type=\"section\">\n\t\t\t\t\t\t<div class=\"elementor-container elementor-column-gap-default\">\n\t\t\t\t\t<div class=\"elementor-column elementor-col-50 elementor-top-column elementor-element elementor-element-d3ca1af\" data-id=\"d3ca1af\" data-element_type=\"column\">\n\t\t\t<div class=\"elementor-widget-wrap elementor-element-populated\">\n\t\t\t\t\t\t<div class=\"elementor-element elementor-element-275d95a elementor-widget elementor-widget-image\" data-id=\"275d95a\" data-element_type=\"widget\" data-widget_type=\"image.default\">\n\t\t\t\t<div class=\"elementor-widget-container\">\n\t\t\t\t\t\t\t\t\t\t\t\t\t\t\t<img fetchpriority=\"high\" decoding=\"async\" width=\"306\" height=\"429\" src=\"http:\/\/www.wscon.de\/wp-content\/uploads\/2016\/07\/Portrait-Stefan.jpg\" class=\"attachment-full size-full wp-image-27\" alt=\"\" \/>\t\t\t\t\t\t\t\t\t\t\t\t\t\t\t<\/div>\n\t\t\t\t<\/div>\n\t\t\t\t\t<\/div>\n\t\t<\/div>\n\t\t\t\t<div class=\"elementor-column elementor-col-50 elementor-top-column elementor-element elementor-element-c52b553\" data-id=\"c52b553\" data-element_type=\"column\">\n\t\t\t<div class=\"elementor-widget-wrap elementor-element-populated\">\n\t\t\t\t\t\t<div class=\"elementor-element elementor-element-dfb2023 elementor-widget elementor-widget-spacer\" data-id=\"dfb2023\" data-element_type=\"widget\" data-widget_type=\"spacer.default\">\n\t\t\t\t<div class=\"elementor-widget-container\">\n\t\t\t\t\t\t\t<div class=\"elementor-spacer\">\n\t\t\t<div class=\"elementor-spacer-inner\"><\/div>\n\t\t<\/div>\n\t\t\t\t\t\t<\/div>\n\t\t\t\t<\/div>\n\t\t\t\t<div class=\"elementor-element elementor-element-95c291f elementor-widget elementor-widget-heading\" data-id=\"95c291f\" data-element_type=\"widget\" data-widget_type=\"heading.default\">\n\t\t\t\t<div class=\"elementor-widget-container\">\n\t\t\t\t\t<h2 class=\"elementor-heading-title elementor-size-default\">Stefan Wetzstein<\/h2>\t\t\t\t<\/div>\n\t\t\t\t<\/div>\n\t\t\t\t<div class=\"elementor-element elementor-element-451861f elementor-widget elementor-widget-text-editor\" data-id=\"451861f\" data-element_type=\"widget\" data-widget_type=\"text-editor.default\">\n\t\t\t\t<div class=\"elementor-widget-container\">\n\t\t\t\t\t\t\t\t\t<p class=\"translation-block\">Certified Electrical Engineer\nPower and Automation Technologies<\/p>\t\t\t\t\t\t\t\t<\/div>\n\t\t\t\t<\/div>\n\t\t\t\t\t<\/div>\n\t\t<\/div>\n\t\t\t\t\t<\/div>\n\t\t<\/section>\n\t\t\t\t<section class=\"elementor-section elementor-top-section elementor-element elementor-element-658411c elementor-section-boxed elementor-section-height-default elementor-section-height-default\" data-id=\"658411c\" data-element_type=\"section\">\n\t\t\t\t\t\t<div class=\"elementor-container elementor-column-gap-default\">\n\t\t\t\t\t<div class=\"elementor-column elementor-col-50 elementor-top-column elementor-element elementor-element-3e812f9\" data-id=\"3e812f9\" data-element_type=\"column\">\n\t\t\t<div class=\"elementor-widget-wrap\">\n\t\t\t\t\t\t\t<\/div>\n\t\t<\/div>\n\t\t\t\t<div class=\"elementor-column elementor-col-50 elementor-top-column elementor-element elementor-element-1f8c87a\" data-id=\"1f8c87a\" data-element_type=\"column\">\n\t\t\t<div class=\"elementor-widget-wrap elementor-element-populated\">\n\t\t\t\t\t\t<div class=\"elementor-element elementor-element-afb037e elementor-widget elementor-widget-text-editor\" data-id=\"afb037e\" data-element_type=\"widget\" data-widget_type=\"text-editor.default\">\n\t\t\t\t<div class=\"elementor-widget-container\">\n\t\t\t\t\t\t\t\t\t<p>Seit Abschluss meines Studiums am Rudolf-Diesel-Technikum Augsburg 1999 bin ich in der Branche Omnibusbau t\u00e4tig.<\/p><p>Als Konstruktionsleiter im Fachbereich Elektrik bei der sp\u00e4teren G\u00f6ppel Bus GmbH (vormals Markus G\u00f6ppel GmbH &amp; Co. KG) baute ich diesen Bereich eigenverantwortlich auf. <br \/><br \/>Ab 2004 wurde mir die Leitung des gesamten Bereiches Konstruktion &amp; Entwicklung (R&amp;D) der Fa. G\u00f6ppel Bus GmbH \u00fcbertragen. <br \/>Unter meiner Verantwortung wurden unter anderem Personenanh\u00e4nger f\u00fcr Stadtbusse und eine neue Stadtbusfamilie entwickelt und zur Serienreife gebracht. Ich konnte in dieser Zeit auch komplexe Forschungs- und Entwicklungsprojekte f\u00fcr innovative Fahrzeugkonzepte f\u00fcr den \u00d6ffentlichen Personen-Nahverkehr, wie z.B. die AutoTram\u00ae, in enger Abstimmung mit den verschiedensten Projektpartnern erfolgreich abschlie\u00dfen.<\/p><p>Seit April 2016 biete ich meinen Kunden aus der Busbranche, der Zuliefererindustrie und Verkehrsunternehmen als selbst\u00e4ndiger Berater serviceorientierte Beratungsdienstleistung und Projektmanagement.<\/p>\t\t\t\t\t\t\t\t<\/div>\n\t\t\t\t<\/div>\n\t\t\t\t\t<\/div>\n\t\t<\/div>\n\t\t\t\t\t<\/div>\n\t\t<\/section>\n\t\t\t\t<\/div>","protected":false},"excerpt":{"rendered":"<p>Stefan Wetzstein Staatl. gepr. ElektrotechnikerEnergie- und Automatisierungstechnik Seit Abschluss meines Studiums am Rudolf-Diesel-Technikum Augsburg 1999 bin ich in der Branche Omnibusbau t\u00e4tig. Als Konstruktionsleiter im Fachbereich Elektrik bei der sp\u00e4teren G\u00f6ppel Bus GmbH (vormals Markus G\u00f6ppel GmbH &amp; Co. KG) baute ich diesen Bereich eigenverantwortlich auf. Ab 2004 wurde mir die Leitung des gesamten Bereiches&#8230; <\/p>\n<div class=\"read-more navbutton\"><a href=\"http:\/\/www.wscon.de\/en\/ueber-mich\/\">Read More<i class=\"fa fa-angle-double-right\"><\/i><\/a><\/div>","protected":false},"author":1,"featured_media":0,"parent":0,"menu_order":100,"comment_status":"closed","ping_status":"closed","template":"","meta":{"_acf_changed":false,"footnotes":""},"class_list":["post-8","page","type-page","status-publish","hentry"],"acf":[],"_links":{"self":[{"href":"http:\/\/www.wscon.de\/en\/wp-json\/wp\/v2\/pages\/8","targetHints":{"allow":["GET"]}}],"collection":[{"href":"http:\/\/www.wscon.de\/en\/wp-json\/wp\/v2\/pages"}],"about":[{"href":"http:\/\/www.wscon.de\/en\/wp-json\/wp\/v2\/types\/page"}],"author":[{"embeddable":true,"href":"http:\/\/www.wscon.de\/en\/wp-json\/wp\/v2\/users\/1"}],"replies":[{"embeddable":true,"href":"http:\/\/www.wscon.de\/en\/wp-json\/wp\/v2\/comments?post=8"}],"version-history":[{"count":22,"href":"http:\/\/www.wscon.de\/en\/wp-json\/wp\/v2\/pages\/8\/revisions"}],"predecessor-version":[{"id":1088,"href":"http:\/\/www.wscon.de\/en\/wp-json\/wp\/v2\/pages\/8\/revisions\/1088"}],"wp:attachment":[{"href":"http:\/\/www.wscon.de\/en\/wp-json\/wp\/v2\/media?parent=8"}],"curies":[{"name":"wp","href":"https:\/\/api.w.org\/{rel}","templated":true}]}}