{"id":1180,"date":"2019-05-07T15:12:46","date_gmt":"2019-05-07T15:12:46","guid":{"rendered":"http:\/\/www.wscon.de\/?page_id=1180"},"modified":"2021-07-23T11:03:14","modified_gmt":"2021-07-23T09:03:14","slug":"kontakt","status":"publish","type":"page","link":"https:\/\/www.wscon.de\/en\/kontakt\/","title":{"rendered":"Contact"},"content":{"rendered":"<div data-elementor-type=\"wp-post\" data-elementor-id=\"1180\" class=\"elementor elementor-1180\">\n\t\t\t\t\t\t<section class=\"elementor-section elementor-top-section elementor-element elementor-element-a55fe6e elementor-section-boxed elementor-section-height-default elementor-section-height-default\" data-id=\"a55fe6e\" data-element_type=\"section\">\n\t\t\t\t\t\t<div class=\"elementor-container elementor-column-gap-default\">\n\t\t\t\t\t<div class=\"elementor-column elementor-col-100 elementor-top-column elementor-element elementor-element-8720320\" data-id=\"8720320\" data-element_type=\"column\">\n\t\t\t<div class=\"elementor-widget-wrap elementor-element-populated\">\n\t\t\t\t\t\t<div class=\"elementor-element elementor-element-3eeeb01 elementor-widget elementor-widget-text-editor\" data-id=\"3eeeb01\" data-element_type=\"widget\" data-widget_type=\"text-editor.default\">\n\t\t\t\t<div class=\"elementor-widget-container\">\n\t\t\t\t\t\t\t\t\t<p>We'd be happy to personally assist you at any time.<\/p>\t\t\t\t\t\t\t\t<\/div>\n\t\t\t\t<\/div>\n\t\t\t\t<div class=\"elementor-element elementor-element-c66e1ce elementor-widget elementor-widget-text-editor\" data-id=\"c66e1ce\" data-element_type=\"widget\" data-widget_type=\"text-editor.default\">\n\t\t\t\t<div class=\"elementor-widget-container\">\n\t\t\t\t\t\t\t\t\t<p>Sie erreichen uns telefonisch, per E-Mail oder Telefax.<\/p>\t\t\t\t\t\t\t\t<\/div>\n\t\t\t\t<\/div>\n\t\t\t\t<div class=\"elementor-element elementor-element-dcc74b2 elementor-widget elementor-widget-text-editor\" data-id=\"dcc74b2\" data-element_type=\"widget\" data-widget_type=\"text-editor.default\">\n\t\t\t\t<div class=\"elementor-widget-container\">\n\t\t\t\t\t\t\t\t\t<h2><strong>WSCON GmbH &amp; Co. KG<\/strong><\/h2><p>Alte Reichsstra\u00dfe 2<br \/>86356 Neus\u00e4\u00df<\/p><p>Telefon: +49(0)821 &#8211; 48 66 75 21<\/p><p>Telefax: +49(0)821 &#8211; 48 66 75 23<\/p><p>info@wscon.de<\/p>\t\t\t\t\t\t\t\t<\/div>\n\t\t\t\t<\/div>\n\t\t\t\t<div class=\"elementor-element elementor-element-af77a73 elementor-widget elementor-widget-html\" data-id=\"af77a73\" data-element_type=\"widget\" data-widget_type=\"html.default\">\n\t\t\t\t<div class=\"elementor-widget-container\">\n\t\t\t\t\t<iframe src=\"https:\/\/www.google.com\/maps\/embed?pb=!1m18!1m12!1m3!1d2650.1394585755666!2d10.828487015840851!3d48.37705724242962!2m3!1f0!2f0!3f0!3m2!1i1024!2i768!4f13.1!3m3!1m2!1s0x479ebcc832062155%3A0x3a3a5fb0d4bd2d77!2zQWx0ZSBSZWljaHNzdHJhw59lIDIsIDg2MzU2IE5ldXPDpMOf!5e0!3m2!1sde!2sde!4v1554130062016!5m2!1sde!2sde\" width=\"600\" height=\"450\" frameborder=\"0\" style=\"border:0\" allowfullscreen><\/iframe>\t\t\t\t<\/div>\n\t\t\t\t<\/div>\n\t\t\t\t\t<\/div>\n\t\t<\/div>\n\t\t\t\t\t<\/div>\n\t\t<\/section>\n\t\t\t\t<\/div>","protected":false},"excerpt":{"rendered":"<p>Gerne sind wir pers\u00f6nlich f\u00fcr Sie da. Sie erreichen uns telefonisch, per E-Mail oder Telefax. WSCON GmbH &amp; Co. KG Alte Reichsstra\u00dfe 286356 Neus\u00e4\u00df Telefon: +49(0)821 &#8211; 48 66 75 21 Telefax: +49(0)821 &#8211; 48 66 75 23 info@wscon.de<\/p>","protected":false},"author":1,"featured_media":0,"parent":0,"menu_order":11,"comment_status":"closed","ping_status":"closed","template":"elementor_header_footer","meta":{"_acf_changed":false,"footnotes":""},"class_list":["post-1180","page","type-page","status-publish","hentry"],"acf":[],"_links":{"self":[{"href":"https:\/\/www.wscon.de\/en\/wp-json\/wp\/v2\/pages\/1180","targetHints":{"allow":["GET"]}}],"collection":[{"href":"https:\/\/www.wscon.de\/en\/wp-json\/wp\/v2\/pages"}],"about":[{"href":"https:\/\/www.wscon.de\/en\/wp-json\/wp\/v2\/types\/page"}],"author":[{"embeddable":true,"href":"https:\/\/www.wscon.de\/en\/wp-json\/wp\/v2\/users\/1"}],"replies":[{"embeddable":true,"href":"https:\/\/www.wscon.de\/en\/wp-json\/wp\/v2\/comments?post=1180"}],"version-history":[{"count":28,"href":"https:\/\/www.wscon.de\/en\/wp-json\/wp\/v2\/pages\/1180\/revisions"}],"predecessor-version":[{"id":2086,"href":"https:\/\/www.wscon.de\/en\/wp-json\/wp\/v2\/pages\/1180\/revisions\/2086"}],"wp:attachment":[{"href":"https:\/\/www.wscon.de\/en\/wp-json\/wp\/v2\/media?parent=1180"}],"curies":[{"name":"wp","href":"https:\/\/api.w.org\/{rel}","templated":true}]}}