{"id":763,"date":"2019-02-16T15:02:57","date_gmt":"2019-02-16T15:02:57","guid":{"rendered":"http:\/\/wscon.de\/?page_id=763"},"modified":"2021-09-09T11:32:30","modified_gmt":"2021-09-09T09:32:30","slug":"news","status":"publish","type":"page","link":"https:\/\/www.wscon.de\/en\/news\/","title":{"rendered":"News"},"content":{"rendered":"<div data-elementor-type=\"wp-post\" data-elementor-id=\"763\" class=\"elementor elementor-763\">\n\t\t\t\t\t\t<section class=\"elementor-section elementor-top-section elementor-element elementor-element-93c0470 elementor-section-height-min-height elementor-section-boxed elementor-section-height-default elementor-section-items-middle\" data-id=\"93c0470\" data-element_type=\"section\">\n\t\t\t\t\t\t<div class=\"elementor-container elementor-column-gap-default\">\n\t\t\t\t\t<div class=\"elementor-column elementor-col-100 elementor-top-column elementor-element elementor-element-b7e0776\" data-id=\"b7e0776\" data-element_type=\"column\">\n\t\t\t<div class=\"elementor-widget-wrap elementor-element-populated\">\n\t\t\t\t\t\t<div class=\"elementor-element elementor-element-53aaee0 elementor-widget elementor-widget-heading\" data-id=\"53aaee0\" data-element_type=\"widget\" data-widget_type=\"heading.default\">\n\t\t\t\t<div class=\"elementor-widget-container\">\n\t\t\t\t\t<h1 class=\"elementor-heading-title elementor-size-default\">News<\/h1>\t\t\t\t<\/div>\n\t\t\t\t<\/div>\n\t\t\t\t\t<\/div>\n\t\t<\/div>\n\t\t\t\t\t<\/div>\n\t\t<\/section>\n\t\t\t\t<section class=\"elementor-section elementor-top-section elementor-element elementor-element-2adf658 elementor-section-boxed elementor-section-height-default elementor-section-height-default\" data-id=\"2adf658\" data-element_type=\"section\">\n\t\t\t\t\t\t<div class=\"elementor-container elementor-column-gap-default\">\n\t\t\t\t\t<div class=\"elementor-column elementor-col-100 elementor-top-column elementor-element elementor-element-21c0344\" data-id=\"21c0344\" data-element_type=\"column\">\n\t\t\t<div class=\"elementor-widget-wrap elementor-element-populated\">\n\t\t\t\t\t\t<div class=\"elementor-element elementor-element-88b2c88 elementor-widget elementor-widget-text-editor\" data-id=\"88b2c88\" data-element_type=\"widget\" data-widget_type=\"text-editor.default\">\n\t\t\t\t<div class=\"elementor-widget-container\">\n\t\t\t\t\t\t\t\t\t<p><strong>Aktuelles<\/strong><\/p><div id=\"gtx-trans\" style=\"position: absolute; left: -41px; top: -14px;\"><div class=\"gtx-trans-icon\">\u00a0<\/div><\/div>\t\t\t\t\t\t\t\t<\/div>\n\t\t\t\t<\/div>\n\t\t\t\t<div class=\"elementor-element elementor-element-f42f0f7 elementor-widget elementor-widget-accordion\" data-id=\"f42f0f7\" data-element_type=\"widget\" data-widget_type=\"accordion.default\">\n\t\t\t\t<div class=\"elementor-widget-container\">\n\t\t\t\t\t\t\t<div class=\"elementor-accordion\">\n\t\t\t\t\t\t\t<div class=\"elementor-accordion-item\">\n\t\t\t\t\t<h1 id=\"elementor-tab-title-2561\" class=\"elementor-tab-title\" data-tab=\"1\" role=\"button\" aria-controls=\"elementor-tab-content-2561\" aria-expanded=\"false\">\n\t\t\t\t\t\t\t\t\t\t\t\t\t<span class=\"elementor-accordion-icon elementor-accordion-icon-left\" aria-hidden=\"true\">\n\t\t\t\t\t\t\t\t\t\t\t\t\t\t\t<span class=\"elementor-accordion-icon-closed\"><i class=\"fas fa-walking\"><\/i><\/span>\n\t\t\t\t\t\t\t\t<span class=\"elementor-accordion-icon-opened\"><i class=\"fas fa-running\"><\/i><\/span>\n\t\t\t\t\t\t\t\t\t\t\t\t\t\t<\/span>\n\t\t\t\t\t\t\t\t\t\t\t\t<a class=\"elementor-accordion-title\" tabindex=\"0\">M-net Firmenlauf Augsburg<\/a>\n\t\t\t\t\t<\/h1>\n\t\t\t\t\t<div id=\"elementor-tab-content-2561\" class=\"elementor-tab-content elementor-clearfix\" data-tab=\"1\" role=\"region\" aria-labelledby=\"elementor-tab-title-2561\"><p><img decoding=\"async\" class=\"wp-image-2169 alignnone\" src=\"http:\/\/www.wscon.de\/wp-content\/uploads\/2021\/09\/m-net-firmenlauf-113x150.jpg\" alt=\"\" width=\"108\" height=\"143\" srcset=\"https:\/\/www.wscon.de\/wp-content\/uploads\/2021\/09\/m-net-firmenlauf-113x150.jpg 113w, https:\/\/www.wscon.de\/wp-content\/uploads\/2021\/09\/m-net-firmenlauf-226x300.jpg 226w, https:\/\/www.wscon.de\/wp-content\/uploads\/2021\/09\/m-net-firmenlauf-9x12.jpg 9w, https:\/\/www.wscon.de\/wp-content\/uploads\/2021\/09\/m-net-firmenlauf.jpg 632w\" sizes=\"(max-width: 108px) 100vw, 108px\" \/>F\u00fcr den guten Zweck geht WSCON beim 10. M-Net Firmenlauf an den Start.<\/p><\/div>\n\t\t\t\t<\/div>\n\t\t\t\t\t\t\t\t<\/div>\n\t\t\t\t\t\t<\/div>\n\t\t\t\t<\/div>\n\t\t\t\t<div class=\"elementor-element elementor-element-236aa27 elementor-widget elementor-widget-accordion\" data-id=\"236aa27\" data-element_type=\"widget\" data-widget_type=\"accordion.default\">\n\t\t\t\t<div class=\"elementor-widget-container\">\n\t\t\t\t\t\t\t<div class=\"elementor-accordion\">\n\t\t\t\t\t\t\t<div class=\"elementor-accordion-item\">\n\t\t\t\t\t<h1 id=\"elementor-tab-title-3711\" class=\"elementor-tab-title\" data-tab=\"1\" role=\"button\" aria-controls=\"elementor-tab-content-3711\" aria-expanded=\"false\">\n\t\t\t\t\t\t\t\t\t\t\t\t\t<span class=\"elementor-accordion-icon elementor-accordion-icon-left\" aria-hidden=\"true\">\n\t\t\t\t\t\t\t\t\t\t\t\t\t\t\t<span class=\"elementor-accordion-icon-closed\"><i class=\"fas fa-laptop-house\"><\/i><\/span>\n\t\t\t\t\t\t\t\t<span class=\"elementor-accordion-icon-opened\"><i class=\"fas fa-laptop-house\"><\/i><\/span>\n\t\t\t\t\t\t\t\t\t\t\t\t\t\t<\/span>\n\t\t\t\t\t\t\t\t\t\t\t\t<a class=\"elementor-accordion-title\" tabindex=\"0\">Umfirmierung<\/a>\n\t\t\t\t\t<\/h1>\n\t\t\t\t\t<div id=\"elementor-tab-content-3711\" class=\"elementor-tab-content elementor-clearfix\" data-tab=\"1\" role=\"region\" aria-labelledby=\"elementor-tab-title-3711\"><p>Wir m\u00f6chten die Gesch\u00e4ftspartner der Wetzstein Stefan Consulting dar\u00fcber informieren, dass ab sofort der Gesch\u00e4ftsbetrieb in die WSCON GmbH &amp; Co. KG \u00fcbertragen wird und wir k\u00fcnftig unter der neuen Firmierung agieren.<br \/><br \/><\/p><p><strong>WSCON GmbH &amp; Co. KG<br \/><\/strong>Alte Reichsstra\u00dfe 2<br \/>86356 Neus\u00e4\u00df<\/p><p><br \/>In diesem Zuge m\u00f6chten wir uns f\u00fcr das uns entgegengebrachte Vertrauen bedanken und freuen uns auf die weitere Zusammenarbeit.<br \/>Wir bitten Sie, die Stammdaten in Ihren EDV-Systemen entsprechend anzupassen und f\u00fcr s\u00e4mtliche Korrespondenz zu verwenden.<\/p><p>Bei R\u00fcckfragen stehen wir selbstverst\u00e4ndlich gerne zur Verf\u00fcgung.<\/p><p>Mit freundlichen Gr\u00fc\u00dfen<\/p><p><strong>Ihr WSCON-Team<\/strong><\/p><\/div>\n\t\t\t\t<\/div>\n\t\t\t\t\t\t\t\t<\/div>\n\t\t\t\t\t\t<\/div>\n\t\t\t\t<\/div>\n\t\t\t\t\t<\/div>\n\t\t<\/div>\n\t\t\t\t\t<\/div>\n\t\t<\/section>\n\t\t\t\t<section class=\"elementor-section elementor-top-section elementor-element elementor-element-bbd0527 elementor-section-boxed elementor-section-height-default elementor-section-height-default\" data-id=\"bbd0527\" data-element_type=\"section\">\n\t\t\t\t\t\t<div class=\"elementor-container elementor-column-gap-default\">\n\t\t\t\t\t<div class=\"elementor-column elementor-col-100 elementor-top-column elementor-element elementor-element-d3ff5e7\" data-id=\"d3ff5e7\" data-element_type=\"column\">\n\t\t\t<div class=\"elementor-widget-wrap elementor-element-populated\">\n\t\t\t\t\t\t<div class=\"elementor-element elementor-element-fd8f4c6 elementor-widget elementor-widget-text-editor\" data-id=\"fd8f4c6\" data-element_type=\"widget\" data-widget_type=\"text-editor.default\">\n\t\t\t\t<div class=\"elementor-widget-container\">\n\t\t\t\t\t\t\t\t\t<p><strong>Pressemitteilungen<\/strong><\/p><div id=\"gtx-trans\" style=\"position: absolute; left: -118px; top: -14px;\"><div class=\"gtx-trans-icon\">\u00a0<\/div><\/div>\t\t\t\t\t\t\t\t<\/div>\n\t\t\t\t<\/div>\n\t\t\t\t\t<\/div>\n\t\t<\/div>\n\t\t\t\t\t<\/div>\n\t\t<\/section>\n\t\t\t\t<\/div>","protected":false},"excerpt":{"rendered":"<p>News Aktuelles \u00a0 M-net Firmenlauf Augsburg F\u00fcr den guten Zweck geht WSCON beim 10. M-Net Firmenlauf an den Start. Umfirmierung Wir m\u00f6chten die Gesch\u00e4ftspartner der Wetzstein Stefan Consulting dar\u00fcber informieren, dass ab sofort der Gesch\u00e4ftsbetrieb in die WSCON GmbH &amp; Co. KG \u00fcbertragen wird und wir k\u00fcnftig unter der neuen Firmierung agieren. WSCON GmbH &amp;&#8230; <\/p>\n<div class=\"read-more navbutton\"><a href=\"https:\/\/www.wscon.de\/en\/news\/\">Read More<i class=\"fa fa-angle-double-right\"><\/i><\/a><\/div>","protected":false},"author":1,"featured_media":0,"parent":0,"menu_order":10,"comment_status":"closed","ping_status":"closed","template":"","meta":{"_acf_changed":false,"footnotes":""},"class_list":["post-763","page","type-page","status-publish","hentry"],"acf":[],"_links":{"self":[{"href":"https:\/\/www.wscon.de\/en\/wp-json\/wp\/v2\/pages\/763","targetHints":{"allow":["GET"]}}],"collection":[{"href":"https:\/\/www.wscon.de\/en\/wp-json\/wp\/v2\/pages"}],"about":[{"href":"https:\/\/www.wscon.de\/en\/wp-json\/wp\/v2\/types\/page"}],"author":[{"embeddable":true,"href":"https:\/\/www.wscon.de\/en\/wp-json\/wp\/v2\/users\/1"}],"replies":[{"embeddable":true,"href":"https:\/\/www.wscon.de\/en\/wp-json\/wp\/v2\/comments?post=763"}],"version-history":[{"count":49,"href":"https:\/\/www.wscon.de\/en\/wp-json\/wp\/v2\/pages\/763\/revisions"}],"predecessor-version":[{"id":2197,"href":"https:\/\/www.wscon.de\/en\/wp-json\/wp\/v2\/pages\/763\/revisions\/2197"}],"wp:attachment":[{"href":"https:\/\/www.wscon.de\/en\/wp-json\/wp\/v2\/media?parent=763"}],"curies":[{"name":"wp","href":"https:\/\/api.w.org\/{rel}","templated":true}]}}